{"id":10,"date":"2012-10-25T16:17:48","date_gmt":"2012-10-25T15:17:48","guid":{"rendered":"http:\/\/www.apairl.fr\/?page_id=10"},"modified":"2026-03-25T19:45:36","modified_gmt":"2026-03-25T18:45:36","slug":"historique","status":"publish","type":"page","link":"https:\/\/www.apairl.fr\/?page_id=10","title":{"rendered":"Historique"},"content":{"rendered":"<p style=\"text-align: left;\" align=\"center\"><span style=\"font-family: Times New Roman;\"><em>HISTORIQUE POLIO HOPITAL<\/em><br \/>\n<\/span><\/p>\n<p><span style=\"color: #000000; font-family: Times New Roman; font-size: medium;\">L&rsquo;histoire commence dans les ann\u00e9es 60, date de l&rsquo;\u00e9pid\u00e9mie de poliomy\u00e9lite en France. Quelques notions sur la poliomy\u00e9lite ant\u00e9rieure aigu\u00eb. C&rsquo;est une maladie virale de contamination directe interhumaine ou indirecte par l&rsquo;eau ou aliments souill\u00e9s et qui se caract\u00e9rise dans sa forme la plus grave par des paralysies importantes puis r\u00e9gressives pouvant toucher les muscles respiratoires. il y a donc \u00e0 ce moment l\u00e0, \u00e0 l&rsquo;hopital de la Croix-Rousse une vingtaine de jeunes enfants t\u00e9trapl\u00e9giques insuffisants respiratoires trach\u00e9otomis\u00e9s provenant de diff\u00e9rentes r\u00e9gions de france. Les premi\u00e8res ann\u00e9es, ils sont totalement d\u00e9pendants de l&rsquo;institution avec comme principales occupations les soins et la r\u00e9\u00e9ducation. puis la scolarisation par correspondance est rendue possible gr\u00e2ce \u00e0 l&rsquo;aide des familles, de certains membres de l&rsquo;\u00e9quipe soignante et d&rsquo;un professeur mis \u00e0 leur disposition.<\/span><\/p>\n<p align=\"center\"><em><span style=\"color: #000000; font-size: large;\"><span style=\"font-family: Times New Roman;\"><span style=\"text-decoration: underline;\">SORTIES LOISIRS<\/span> <\/span><\/span><\/em><\/p>\n<p><span style=\"color: #000000; font-family: Times New Roman; font-size: medium;\">Pendant les 6 premi\u00e8res ann\u00e9es les sorties sont impossibles. Gr\u00e2ce \u00e0 la mise au point d&rsquo;appareils respiratoires transportables, la premi\u00e8re exp\u00e9rience de sortie a eu lieu en 1966 avec une demie-journ\u00e9e seulement. Ces sorties qui repr\u00e9sentent un gros risque pour le corps m\u00e9dical sont entour\u00e9es de pr\u00e9cautions importantes (transport en ambulance, accompagnement d&rsquo;infirmier, dur\u00e9e limit\u00e9e) Puis petit \u00e0 petit, les loisirs commencent \u00e0 s&rsquo;organiser \u00e0 l&rsquo;ext\u00e9rieur de l&rsquo;h\u00f4pital (cin\u00e9ma, pique-nique) Mais le groupe reste une notion incontournable.<\/span><\/p>\n<p><span style=\"color: #000000; font-family: Times New Roman; font-size: medium;\">En 1968, des petits s\u00e9jours \u00e0 domicile sont envisag\u00e9s, d&rsquo;abord pour les Week-ends puis pour les vacances scolaires. Ces s\u00e9jours en famille permettent de d\u00e9couvrir ce qu&rsquo;est la vie en dehors de l&rsquo;h\u00f4pital dans un cadre plus intime, plus libre. L&rsquo;h\u00f4pital est d&rsquo;autant plus ressenti comme un univers clos et pesant. L&rsquo;\u00e2ge de l&rsquo;adolescence est l\u00e0. La conscience de ce que peut \u00eatre une vie d&rsquo;\u00e9ternels d\u00e9pendants se fait sentir lourdement.<\/span><\/p>\n<p>&nbsp;<\/p>\n<p align=\"center\"><em><span style=\"color: #000000;\"><span style=\"text-decoration: underline;\"><span style=\"font-family: Times New Roman; font-size: large;\">MODIFICATION ORIENTATION<\/span><\/span><\/span><\/em><\/p>\n<p><span style=\"color: #000000; font-family: Times New Roman; font-size: medium;\">D&rsquo;autre part le service qui acceuille ces jeunes, change d&rsquo;orientation, se dirigeant vers une m\u00e9decine plus sp\u00e9cialis\u00e9e vers la r\u00e9animation. Il faut trouver des solutions. Certains regagnent leur famille de mani\u00e8re d\u00e9finitive, d&rsquo;autres prennent un appartement et peuvent ainsi mener une vie totalement ind\u00e9pendante sous simple surveillance de leur appareillage m\u00e9dical. Restent les handicap\u00e9s les plus d\u00e9pendants pour qui le retour \u00e0 domicile para\u00eet difficilement envisageable, voir impossible.<\/span><\/p>\n<p align=\"center\"><em><span style=\"color: #000000;\"><span style=\"text-decoration: underline;\"><span style=\"font-family: Times New Roman; font-size: large;\">ALLP FOYER<\/span><\/span><\/span><\/em><\/p>\n<p align=\"center\"><span style=\"color: #000000; font-family: Times New Roman; font-size: small;\">(<em>Association Lyonnaise de logistique Post-hospitali\u00e8re<\/em>)<\/span><\/p>\n<p><span style=\"color: #000000; font-family: Times New Roman; font-size: medium;\">L&rsquo;ALLP, qui depuis 1954 soutient les malades atteints de poliomy\u00e9lite et leurs familles, favorise le retour \u00e0 domicile, cr\u00e9e en 1976 un foyer d&rsquo;h\u00e9bergement pour 4 personnes, install\u00e9s au rez-de-chauss\u00e9e d&rsquo;un immeuble HLM. Son financement est pris en charge par la DDASS et la S\u00e9curit\u00e9 Sociale. Sa structure et son organisation sont calqu\u00e9es sur celles d&rsquo;un service hospitalier (personnel m\u00e9dical, autorisations de sorties &#8230;)<\/span><\/p>\n<p><span style=\"color: #000000; font-family: Times New Roman; font-size: medium;\">La premi\u00e8re ann\u00e9e est difficile \u00e0 vivre : l&rsquo;isolement se fait plus ressentir qu&rsquo;\u00e0 l&rsquo;h\u00f4pital, l&rsquo;organisation est rigide du fait des craintes et des appr\u00e9hensions des responsables devant la nouveaut\u00e9 d&rsquo;une telle structure. Se posent aussi les probl\u00e8mes in\u00e9vitables de la cohabitation, probl\u00e8mes qui poussent successivement des r\u00e9sidents \u00e0 quitter le foyer. Pour ceux qui restent, l&rsquo;exp\u00e9rience acquise au fil des ann\u00e9es a conduit avec l&rsquo;aide de certains responsables de l&rsquo;ALLP \u00e0 am\u00e9liorer progressivement le v\u00e9cu quotidien. Les responsabilit\u00e9s par rapport au fonctionnement, sur la gestion des plannings du personnel, des comptes journaliers, ont permis aux \u00ab\u00a0r\u00e9sidents\u00a0\u00bb un \u00e9panouissement, une prise d&rsquo;assurance et une ouverture plus active sur la vie ext\u00e9rieure. Le probl\u00e8me principal reste celui du d\u00e9placement. Les organismes existants s&rsquo;occupant du transport des handicap\u00e9s sur Lyon ne r\u00e9pondent pas aux besoins, les v\u00e9hicules n&rsquo;\u00e9tant pas am\u00e9nag\u00e9s pour les appareils respiratoires.<\/span><\/p>\n<p>&nbsp;<\/p>\n<p align=\"center\"><em>\u00a0<strong><span style=\"color: #000000; font-family: Times New Roman; font-size: medium;\">IL FALLAIT DONC TROUVER UNE SOLUTION &#8230; C&rsquo;EST AINSI QU&rsquo; EN 1985 NAIT L&rsquo;APAIRL<\/span><\/strong><\/em><\/p>\n<p align=\"justify\"><span style=\"color: #000000; font-size: medium;\">D\u00e8s ses premiers mois d&rsquo;existence, une subvention a permis d&rsquo;acqu\u00e9rir un minibus d&rsquo;occasion, am\u00e9nag\u00e9 pour le transport de trois personnes en fauteuils \u00e9lectriques. Gr\u00e2ce \u00e0 divers dons, cotisations et subventions nous avons pu le remplacer par un v\u00e9hicule neuf, puis acheter une voiture pour le transport d&rsquo;une personne en fauteuil.<\/span><\/p>\n<div align=\"justify\"><\/div>\n<p align=\"justify\"><span style=\"color: #000000; font-size: medium;\">Pour les personnes handicap\u00e9es, l&rsquo;autonomie passe par l&rsquo;acquisition d&rsquo;un fauteuil roulant adapt\u00e9 au handicap. Il est parfois difficile d&rsquo;obtenir un remboursement par la s\u00e9curit\u00e9 sociale, c&rsquo;est pourquoi l&rsquo;APAIRL peut \u00eatre sollicit\u00e9e pour financer cette acquisition (environ 9000 \u20ac pour un fauteuil \u00e9lectrique).<\/span><\/p>\n<div align=\"justify\"><\/div>\n<p align=\"justify\"><span style=\"color: #000000; font-size: medium;\">En 1995, quatre personnes ont pu b\u00e9n\u00e9ficier de l&rsquo;aide de l&rsquo;association pour s&rsquo;installer et am\u00e9nager un appartement adapt\u00e9 \u00e0 leur besoin, afin de vivre pleinement leur autonomie. Install\u00e9es \u00e0 la Croix-rousse, elles sont ainsi int\u00e9gr\u00e9es \u00e0 la vie du quartier.<\/span><\/p>\n<div align=\"justify\"><\/div>\n<p align=\"justify\"><span style=\"color: #000000; font-size: medium;\">En 1997, elles ont cr\u00e9e un centre de soins infirmiers pour favoriser le maintien \u00e0 domicile des personnes ag\u00e9es ou handicap\u00e9es.<\/span><\/p>\n<div align=\"justify\"><\/div>\n<p align=\"justify\"><span style=\"color: #000000; font-size: medium;\">En 2003, l&rsquo;APAIRL a aid\u00e9 sept personnes \u00e0 s&rsquo;installer dans des appartements standards, type T2, , \u00e0 Villeurbanne, dans un immeuble de l&rsquo;association \u00ab\u00a0Habitat et Humanisme\u00a0\u00bb, g\u00e9r\u00e9 par l&rsquo;association \u00ab\u00a0Hospitalit\u00e9 de B\u00e9thanie\u00a0\u00bb. Elle finance \u00e9galement une partie des \u00e9quipements n\u00e9cessaires \u00e0 leur autonomie (portes automatiques). <\/span><\/p>\n<div align=\"justify\"><\/div>\n<p align=\"justify\"><span style=\"color: #000000; font-size: medium;\">Depuis 2004, l&rsquo;APAIRL \u00e9tend son action au domaine de la sant\u00e9. Un centre de soins \u00e0 \u00e9t\u00e9 cr\u00e9\u00e9 \u00e0 Villeurbanne, avec l&rsquo;aide de l&rsquo;association \u00ab\u00a0La Pierre Angulaire\u00a0\u00bb qui en assure la gestion.<\/span><\/p>\n<div align=\"justify\"><\/div>\n<p align=\"justify\"><span style=\"color: #000000; font-size: medium;\">Toujours en faveur de l&rsquo;acc\u00e8s \u00e0 l&rsquo;autonomie, l&rsquo;APAIRL partage son exp\u00e9rience en participant \u00e0 la commission extra municipale d&rsquo;accessibilit\u00e9 de la Ville de Lyon (accessibilit\u00e9 des lieux publics).<\/span><\/p>\n<p align=\"justify\"><span style=\"color: #000000; font-family: arial,helvetica,sans-serif;\">C&rsquo;est gr\u00e2ce au dynamisme et aux efforts entrepris par les diff\u00e9rents membres de l&rsquo;associations (exposition-vente de travaux d&rsquo;artisanat, organisation de diff\u00e9rentes festivit\u00e9s), aux subventions de divers organismes, aux cotisations annuelles des adh\u00e9rents qu&rsquo;en 1985 un v\u00e9hicule d&rsquo;occasion est achet\u00e9 et am\u00e9nag\u00e9 (plan inclin\u00e9, fixations pour fauteuil roulant, installation \u00e9lectrique &#8230;) En 1988, il peut \u00eatre chang\u00e9 par un v\u00e9hicule neuf.<\/span><\/p>\n<p><span style=\"text-decoration: underline;\">Les sorties se multiplient<\/span> :<\/p>\n<p>&#8211; possibilit\u00e9 de choisir seul les produits de consommation<br \/>\n&#8211; consultations m\u00e9dicales<br \/>\n&#8211; conf\u00e9rences, th\u00e9\u00e2tre, concerts &#8230;<br \/>\n&#8211; vacances et voyages en France et \u00e0 l&rsquo;\u00e9tranger.<\/p>\n<p><a href=\"https:\/\/www.apairl.fr\/wp-content\/uploads\/2026\/03\/075.jpg\"><img loading=\"lazy\" decoding=\"async\" class=\"alignnone wp-image-736 colorbox-10\" src=\"https:\/\/www.apairl.fr\/wp-content\/uploads\/2026\/03\/075-300x225.jpg\" alt=\"\" width=\"199\" height=\"150\" srcset=\"https:\/\/www.apairl.fr\/wp-content\/uploads\/2026\/03\/075-300x225.jpg 300w, https:\/\/www.apairl.fr\/wp-content\/uploads\/2026\/03\/075-1024x768.jpg 1024w, https:\/\/www.apairl.fr\/wp-content\/uploads\/2026\/03\/075-768x576.jpg 768w, https:\/\/www.apairl.fr\/wp-content\/uploads\/2026\/03\/075-1536x1152.jpg 1536w, https:\/\/www.apairl.fr\/wp-content\/uploads\/2026\/03\/075.jpg 2048w\" sizes=\"auto, (max-width: 199px) 100vw, 199px\" \/><\/a> <a href=\"https:\/\/www.apairl.fr\/wp-content\/uploads\/2026\/03\/Juin-Aout-06-005-scaled.jpg\"><img loading=\"lazy\" decoding=\"async\" class=\" wp-image-738 colorbox-10\" src=\"https:\/\/www.apairl.fr\/wp-content\/uploads\/2026\/03\/Juin-Aout-06-005-300x225.jpg\" alt=\"\" width=\"199\" height=\"150\" srcset=\"https:\/\/www.apairl.fr\/wp-content\/uploads\/2026\/03\/Juin-Aout-06-005-300x225.jpg 300w, https:\/\/www.apairl.fr\/wp-content\/uploads\/2026\/03\/Juin-Aout-06-005-1024x768.jpg 1024w, https:\/\/www.apairl.fr\/wp-content\/uploads\/2026\/03\/Juin-Aout-06-005-768x576.jpg 768w, https:\/\/www.apairl.fr\/wp-content\/uploads\/2026\/03\/Juin-Aout-06-005-1536x1152.jpg 1536w, https:\/\/www.apairl.fr\/wp-content\/uploads\/2026\/03\/Juin-Aout-06-005-2048x1536.jpg 2048w\" sizes=\"auto, (max-width: 199px) 100vw, 199px\" \/> <\/a><a href=\"https:\/\/www.apairl.fr\/wp-content\/uploads\/2026\/03\/Vacances-aout-2007-248-scaled-e1774287044786.jpg\"><img loading=\"lazy\" decoding=\"async\" class=\"alignnone  wp-image-741 colorbox-10\" src=\"https:\/\/www.apairl.fr\/wp-content\/uploads\/2026\/03\/Vacances-aout-2007-248-scaled-e1774287044786-300x205.jpg\" alt=\"\" width=\"217\" height=\"148\" srcset=\"https:\/\/www.apairl.fr\/wp-content\/uploads\/2026\/03\/Vacances-aout-2007-248-scaled-e1774287044786-300x205.jpg 300w, https:\/\/www.apairl.fr\/wp-content\/uploads\/2026\/03\/Vacances-aout-2007-248-scaled-e1774287044786-1024x700.jpg 1024w, https:\/\/www.apairl.fr\/wp-content\/uploads\/2026\/03\/Vacances-aout-2007-248-scaled-e1774287044786-768x525.jpg 768w, https:\/\/www.apairl.fr\/wp-content\/uploads\/2026\/03\/Vacances-aout-2007-248-scaled-e1774287044786-1536x1051.jpg 1536w, https:\/\/www.apairl.fr\/wp-content\/uploads\/2026\/03\/Vacances-aout-2007-248-scaled-e1774287044786-2048x1401.jpg 2048w\" sizes=\"auto, (max-width: 217px) 100vw, 217px\" \/><\/a><br \/>\n<em>Su\u00e8de Juillet <\/em><em>2003\u00a0 \u00a0 \u00a0 \u00a0 \u00a0 \u00a0 \u00a0 \u00a0 \u00a0 Pique nique Miribel 2004\u00a0 \u00a0 \u00a0 Ile d&rsquo;Otok Pag 2008 &#8211; Croatie<\/em><\/p>\n<p>Un objectif essentiel de l&rsquo;A.P.A.I.R.L. est atteint avec succ\u00e8s.<\/p>\n<p>Mais l&rsquo;A.P.A.I.R.L. \u00e0 maintenant d&rsquo;autres projets &#8230;<\/p>\n<p>Si nous dressons un bilan de l&rsquo;exp\u00e9rience pass\u00e9e concernant l&rsquo;APAIRL le but premier de l&rsquo;achat d&rsquo;un v\u00e9hicule a \u00e9t\u00e9 atteint rapidement et l&rsquo;ind\u00e9pendance ainsi acquise a suscit\u00e9 le d\u00e9sir de toujours plus d&rsquo;autonomie et de d\u00e9couvertes. Pratiquer des activit\u00e9s telles que le vol en montgolfi\u00e8re ou la randonn\u00e9e en montagne (possible gr\u00e2ce aux jo\u00ealettes) n&rsquo;aurait pu \u00eatre envisageable auparavant.<\/p>\n<div id=\"attachment_756\" style=\"width: 251px\" class=\"wp-caption alignleft\"><a href=\"https:\/\/www.apairl.fr\/wp-content\/uploads\/2026\/03\/F1040009.jpg\"><img loading=\"lazy\" decoding=\"async\" aria-describedby=\"caption-attachment-756\" class=\"wp-image-756 colorbox-10\" src=\"https:\/\/www.apairl.fr\/wp-content\/uploads\/2026\/03\/F1040009-300x201.jpg\" alt=\"\" width=\"241\" height=\"161\" srcset=\"https:\/\/www.apairl.fr\/wp-content\/uploads\/2026\/03\/F1040009-300x201.jpg 300w, https:\/\/www.apairl.fr\/wp-content\/uploads\/2026\/03\/F1040009-1024x686.jpg 1024w, https:\/\/www.apairl.fr\/wp-content\/uploads\/2026\/03\/F1040009-768x514.jpg 768w, https:\/\/www.apairl.fr\/wp-content\/uploads\/2026\/03\/F1040009-1536x1028.jpg 1536w, https:\/\/www.apairl.fr\/wp-content\/uploads\/2026\/03\/F1040009.jpg 1840w\" sizes=\"auto, (max-width: 241px) 100vw, 241px\" \/><\/a><p id=\"caption-attachment-756\" class=\"wp-caption-text\">Denis Chardon en jo\u00ealette en montagne<\/p><\/div>\n<div id=\"attachment_759\" style=\"width: 253px\" class=\"wp-caption alignright\"><a href=\"https:\/\/www.apairl.fr\/wp-content\/uploads\/2026\/03\/20.jpg\"><img loading=\"lazy\" decoding=\"async\" aria-describedby=\"caption-attachment-759\" class=\"wp-image-759 colorbox-10\" src=\"https:\/\/www.apairl.fr\/wp-content\/uploads\/2026\/03\/20-300x199.jpg\" alt=\"\" width=\"243\" height=\"161\" srcset=\"https:\/\/www.apairl.fr\/wp-content\/uploads\/2026\/03\/20-300x199.jpg 300w, https:\/\/www.apairl.fr\/wp-content\/uploads\/2026\/03\/20-1024x679.jpg 1024w, https:\/\/www.apairl.fr\/wp-content\/uploads\/2026\/03\/20-768x509.jpg 768w, https:\/\/www.apairl.fr\/wp-content\/uploads\/2026\/03\/20.jpg 1110w\" sizes=\"auto, (max-width: 243px) 100vw, 243px\" \/><\/a><p id=\"caption-attachment-759\" class=\"wp-caption-text\">H\u00e9l\u00e8ne Joguet en jo\u00ealette en montagne<\/p><\/div>\n<div id=\"attachment_764\" style=\"width: 251px\" class=\"wp-caption alignleft\"><a href=\"https:\/\/www.apairl.fr\/wp-content\/uploads\/2026\/03\/22-e1774460417770.jpg\"><img loading=\"lazy\" decoding=\"async\" aria-describedby=\"caption-attachment-764\" class=\"wp-image-764 colorbox-10\" src=\"https:\/\/www.apairl.fr\/wp-content\/uploads\/2026\/03\/22-e1774460417770-300x199.jpg\" alt=\"\" width=\"241\" height=\"160\" srcset=\"https:\/\/www.apairl.fr\/wp-content\/uploads\/2026\/03\/22-e1774460417770-300x199.jpg 300w, https:\/\/www.apairl.fr\/wp-content\/uploads\/2026\/03\/22-e1774460417770-1024x680.jpg 1024w, https:\/\/www.apairl.fr\/wp-content\/uploads\/2026\/03\/22-e1774460417770-768x510.jpg 768w, https:\/\/www.apairl.fr\/wp-content\/uploads\/2026\/03\/22-e1774460417770.jpg 1173w\" sizes=\"auto, (max-width: 241px) 100vw, 241px\" \/><\/a><p id=\"caption-attachment-764\" class=\"wp-caption-text\">H\u00e9l\u00e8ne et Dominique sont install\u00e9s dans la nacelle pr\u00eats \u00e0 d\u00e9coller<\/p><\/div>\n<div id=\"attachment_767\" style=\"width: 251px\" class=\"wp-caption alignright\"><a href=\"https:\/\/www.apairl.fr\/wp-content\/uploads\/2026\/03\/numerisation99Chambley2.jpg\"><img loading=\"lazy\" decoding=\"async\" aria-describedby=\"caption-attachment-767\" class=\"wp-image-767 colorbox-10\" src=\"https:\/\/www.apairl.fr\/wp-content\/uploads\/2026\/03\/numerisation99Chambley2-300x201.jpg\" alt=\"\" width=\"241\" height=\"162\" srcset=\"https:\/\/www.apairl.fr\/wp-content\/uploads\/2026\/03\/numerisation99Chambley2-300x201.jpg 300w, https:\/\/www.apairl.fr\/wp-content\/uploads\/2026\/03\/numerisation99Chambley2-1024x685.jpg 1024w, https:\/\/www.apairl.fr\/wp-content\/uploads\/2026\/03\/numerisation99Chambley2-768x514.jpg 768w, https:\/\/www.apairl.fr\/wp-content\/uploads\/2026\/03\/numerisation99Chambley2.jpg 1107w\" sizes=\"auto, (max-width: 241px) 100vw, 241px\" \/><\/a><p id=\"caption-attachment-767\" class=\"wp-caption-text\">Pr\u00e9paration pour le vol<\/p><\/div>\n<p><a href=\"https:\/\/www.apairl.fr\/wp-content\/uploads\/2026\/03\/22-e1774460417770.jpg\"> \u00a0<\/a><\/p>\n<p>&nbsp;<\/p>\n<p>&nbsp;<\/p>\n<p>&nbsp;<\/p>\n<p>&nbsp;<\/p>\n<p>&nbsp;<\/p>\n<p>&nbsp;<\/p>\n<p>&nbsp;<\/p>\n<p>&nbsp;<\/p>\n<p>&nbsp;<\/p>\n<p>&nbsp;<\/p>\n<p>Le d\u00e9fi lanc\u00e9 en 1992, par 4 de nos adh\u00e9rents handicap\u00e9s, de prendre une ind\u00e9pendance compl\u00e8te, appara\u00eet \u00e0 ce jour totalement relev\u00e9. Il a permis une vraie int\u00e9gration au sein du quartier de la Croix-Rousse avec une implication dans la vie de la cit\u00e9. H\u00e9l\u00e8ne et Dominique participent b\u00e9n\u00e9volement \u00e0 la gestion d&rsquo;Arcades Sant\u00e9 et font partie des commissions extra municipales \u00e0 la ville de Lyon sur l&rsquo;accessibilit\u00e9, la communication, la culture et les loisirs.<\/p>\n<p>L&rsquo;organisation annuelle de l&rsquo;exposition-vente ART-EXPO, qui rencontre chaque ann\u00e9e un succ\u00e8s croissant, permet un agrandissement du cercle de connaissance et la possibilit\u00e9 de donner leur chance \u00e0 de nouveaux artisans. Une r\u00e9elle coop\u00e9ration est n\u00e9e entre tous.<\/p>\n<div id=\"attachment_781\" style=\"width: 270px\" class=\"wp-caption alignleft\"><a href=\"https:\/\/www.apairl.fr\/wp-content\/uploads\/2026\/03\/IMGP3231-scaled.jpg\"><img loading=\"lazy\" decoding=\"async\" aria-describedby=\"caption-attachment-781\" class=\"wp-image-781 colorbox-10\" src=\"https:\/\/www.apairl.fr\/wp-content\/uploads\/2026\/03\/IMGP3231-300x201.jpg\" alt=\"\" width=\"260\" height=\"174\" srcset=\"https:\/\/www.apairl.fr\/wp-content\/uploads\/2026\/03\/IMGP3231-300x201.jpg 300w, https:\/\/www.apairl.fr\/wp-content\/uploads\/2026\/03\/IMGP3231-1024x685.jpg 1024w, https:\/\/www.apairl.fr\/wp-content\/uploads\/2026\/03\/IMGP3231-768x514.jpg 768w, https:\/\/www.apairl.fr\/wp-content\/uploads\/2026\/03\/IMGP3231-1536x1028.jpg 1536w, https:\/\/www.apairl.fr\/wp-content\/uploads\/2026\/03\/IMGP3231-2048x1371.jpg 2048w\" sizes=\"auto, (max-width: 260px) 100vw, 260px\" \/><\/a><p id=\"caption-attachment-781\" class=\"wp-caption-text\">ART EXPO 2010<\/p><\/div>\n<div id=\"attachment_783\" style=\"width: 270px\" class=\"wp-caption alignright\"><a href=\"https:\/\/www.apairl.fr\/wp-content\/uploads\/2026\/03\/IMGP3245-scaled.jpg\"><img loading=\"lazy\" decoding=\"async\" aria-describedby=\"caption-attachment-783\" class=\"wp-image-783 colorbox-10\" src=\"https:\/\/www.apairl.fr\/wp-content\/uploads\/2026\/03\/IMGP3245-300x201.jpg\" alt=\"\" width=\"260\" height=\"174\" srcset=\"https:\/\/www.apairl.fr\/wp-content\/uploads\/2026\/03\/IMGP3245-300x201.jpg 300w, https:\/\/www.apairl.fr\/wp-content\/uploads\/2026\/03\/IMGP3245-1024x685.jpg 1024w, https:\/\/www.apairl.fr\/wp-content\/uploads\/2026\/03\/IMGP3245-768x514.jpg 768w, https:\/\/www.apairl.fr\/wp-content\/uploads\/2026\/03\/IMGP3245-1536x1028.jpg 1536w, https:\/\/www.apairl.fr\/wp-content\/uploads\/2026\/03\/IMGP3245-2048x1371.jpg 2048w\" sizes=\"auto, (max-width: 260px) 100vw, 260px\" \/><\/a><p id=\"caption-attachment-783\" class=\"wp-caption-text\">ART EXPO 2010<\/p><\/div>\n<p>&nbsp;<\/p>\n<p>&nbsp;<\/p>\n<p>&nbsp;<\/p>\n<p>&nbsp;<\/p>\n<p>&nbsp;<\/p>\n<p>Parmi les projets, l&rsquo;APAIRL envisage d&rsquo;intervenir dans les \u00e9coles pour que les plus jeunes puissent appr\u00e9hender le handicap et la diff\u00e9rence avec un autre regard.<\/p>\n<p>L&rsquo;APAIRL souhaite fortement aussi stimuler des exp\u00e9riences analogues chez d&rsquo;autres personnes handicap\u00e9es : ce serait une grande satisfaction pour les co-locataires que de pouvoir aider d&rsquo;autres personnes \u00e0 r\u00e9aliser leur prise d&rsquo;ind\u00e9pendance.<\/p>\n<p>En d\u00e9finitive, l&rsquo;APAIRL a permis d&rsquo;aider de mani\u00e8re d\u00e9cisive un petit groupe de personnes handicap\u00e9es \u00e0 prendre son autonomie sur le plan des d\u00e9placements et des loisirs d&rsquo;abord, puis sur le plan du logement et de l&rsquo;encadrement param\u00e9dical.<\/p>\n<p>Aujourd&rsquo;hui son action continue \u00e0 \u00eatre indispensable dans le premier domaine d&rsquo;intervention : celui des d\u00e9placements et des loisirs.<br \/>\nLe quotidien est pris en charge par les organismes sociaux mais, en cas de \u00ab\u00a0coup dur\u00a0\u00bb, l&rsquo;APAIRL repr\u00e9sente une s\u00e9curit\u00e9 morale et financi\u00e8re.<\/p>\n","protected":false},"excerpt":{"rendered":"<p>HISTORIQUE POLIO HOPITAL L&rsquo;histoire commence dans les ann\u00e9es 60, date de l&rsquo;\u00e9pid\u00e9mie de poliomy\u00e9lite en France. Quelques notions sur la poliomy\u00e9lite ant\u00e9rieure aigu\u00eb. C&rsquo;est une maladie virale de contamination directe interhumaine ou indirecte par l&rsquo;eau ou aliments souill\u00e9s et qui &hellip; <a href=\"https:\/\/www.apairl.fr\/?page_id=10\">Continuer la lecture <span class=\"meta-nav\">&rarr;<\/span><\/a><\/p>\n","protected":false},"author":5,"featured_media":0,"parent":0,"menu_order":0,"comment_status":"closed","ping_status":"closed","template":"onecolumn-page.php","meta":{"footnotes":""},"class_list":["post-10","page","type-page","status-publish","hentry"],"_links":{"self":[{"href":"https:\/\/www.apairl.fr\/index.php?rest_route=\/wp\/v2\/pages\/10","targetHints":{"allow":["GET"]}}],"collection":[{"href":"https:\/\/www.apairl.fr\/index.php?rest_route=\/wp\/v2\/pages"}],"about":[{"href":"https:\/\/www.apairl.fr\/index.php?rest_route=\/wp\/v2\/types\/page"}],"author":[{"embeddable":true,"href":"https:\/\/www.apairl.fr\/index.php?rest_route=\/wp\/v2\/users\/5"}],"replies":[{"embeddable":true,"href":"https:\/\/www.apairl.fr\/index.php?rest_route=%2Fwp%2Fv2%2Fcomments&post=10"}],"version-history":[{"count":51,"href":"https:\/\/www.apairl.fr\/index.php?rest_route=\/wp\/v2\/pages\/10\/revisions"}],"predecessor-version":[{"id":788,"href":"https:\/\/www.apairl.fr\/index.php?rest_route=\/wp\/v2\/pages\/10\/revisions\/788"}],"wp:attachment":[{"href":"https:\/\/www.apairl.fr\/index.php?rest_route=%2Fwp%2Fv2%2Fmedia&parent=10"}],"curies":[{"name":"wp","href":"https:\/\/api.w.org\/{rel}","templated":true}]}}