{"id":115,"date":"2012-10-25T19:10:53","date_gmt":"2012-10-25T18:10:53","guid":{"rendered":"http:\/\/www.apairl.fr\/?page_id=115"},"modified":"2026-03-23T16:26:08","modified_gmt":"2026-03-23T15:26:08","slug":"helene-et-dominique","status":"publish","type":"page","link":"https:\/\/www.apairl.fr\/","title":{"rendered":"Bienvenue \u00e0 L&rsquo;APAIRL"},"content":{"rendered":"<p style=\"text-align: left;\">(<strong>A<\/strong>ssociation<strong> P<\/strong>our l&rsquo;<strong>A<\/strong>utonomie des<strong> I<\/strong>nsuffisants<strong> R<\/strong>espiratoire<strong> L<\/strong>yonnais)<\/p>\n<p style=\"text-align: left;\">contact : <strong>H\u00e9l\u00e8ne JOGUET<\/strong> : 06.24.33.55.55<\/p>\n<p><strong>Adresse : 8 Rue Grataloup 69004 LYON \/ T\u00e9l\u00e9phone : <\/strong><strong>04 78 58 39 98.<img class=\"colorbox-115\"  decoding=\"async\" src=\"https:\/\/www.apairl.fr\/images\/apairl\/email_apairl.png\" alt=\"\" border=\"0\" \/><\/strong><\/p>\n<p><strong><em>H\u00e9l\u00e8ne et Dominique<\/em><br \/>\n<\/strong><\/p>\n<p align=\"center\"><a href=\"https:\/\/www.apairl.fr\/wp-content\/uploads\/2012\/10\/H\u00e9l\u00e8ne-et-Dominique.jpg\"><img loading=\"lazy\" decoding=\"async\" class=\"alignnone size-medium wp-image-239 colorbox-115\" title=\"H\u00e9l\u00e8ne et Dominique\" src=\"https:\/\/www.apairl.fr\/wp-content\/uploads\/2012\/10\/H\u00e9l\u00e8ne-et-Dominique-300x225.jpg\" alt=\"\" width=\"300\" height=\"225\" srcset=\"https:\/\/www.apairl.fr\/wp-content\/uploads\/2012\/10\/H\u00e9l\u00e8ne-et-Dominique-300x225.jpg 300w, https:\/\/www.apairl.fr\/wp-content\/uploads\/2012\/10\/H\u00e9l\u00e8ne-et-Dominique.jpg 600w\" sizes=\"auto, (max-width: 300px) 100vw, 300px\" \/><\/a><\/p>\n<p align=\"center\">En 1985 l&rsquo;APAIRL est cr\u00e9e \u00e0 l&rsquo;initiative de quatre personnes handicap\u00e9es physiques, atteintes de poliomy\u00e9lite et d&rsquo;insuffisances respiratoires.<\/p>\n<p align=\"center\"><em><strong>H\u00e9l\u00e8ne Joguet, Dominique Sebbane, Clairemonde Giron\u00a0 et Denis Chardon\u00a0<\/strong><\/em><\/p>\n<p align=\"center\"><em>Dominique, Clairemonde et Denis ne sont malheureusement plus parmi nous\u00a0<\/em><\/p>\n<p align=\"center\">\n<p align=\"center\"><em><strong>Son but<\/strong><\/em><\/p>\n<p align=\"center\">Am\u00e9liorer leur vie quotidienne en leur permettant d&rsquo;acqu\u00e9rir le plus d&rsquo;autonomie possible et de satisfaire certains r\u00eaves d&rsquo;\u00e9vasion apr\u00e8s tant d&rsquo;ann\u00e9es de manque de libert\u00e9.<\/p>\n<p>Un des gros probl\u00e8mes reste celui du d\u00e9placement. Les organismes existants s\u2019occupant du transport des handicap\u00e9s sur Lyon ne r\u00e9pondent pas aux besoins, les v\u00e9hicules n\u2019\u00e9tant pas am\u00e9nag\u00e9s pour les appareils respiratoires.<\/p>\n<p>&nbsp;<\/p>\n<p align=\"center\"><em>\u00a0<strong>IL FALLAIT DONC TROUVER UNE SOLUTION \u2026 C\u2019EST AINSI QU\u2019 EN 1985 NAIT L\u2019APAIRL<\/strong><\/em><\/p>\n<p align=\"justify\">\n<p align=\"justify\">D\u00e8s ses premiers mois d\u2019existence, une subvention a permis d\u2019acqu\u00e9rir un minibus d\u2019occasion, am\u00e9nag\u00e9 pour le transport de trois personnes en fauteuils \u00e9lectriques. Gr\u00e2ce \u00e0 divers dons, cotisations et subventions nous avons pu le remplacer par un v\u00e9hicule neuf, puis acheter une voiture pour le transport d\u2019une personne en fauteuil.<\/p>\n<p align=\"justify\">\n<p align=\"center\"><strong>Puis nous avons commenc\u00e9 \u00e0 projeter d&rsquo;avoir notre propre appartement afin de tout g\u00e9rer nous-m\u00eame sans d\u00e9pendre d&rsquo;une structure ou d&rsquo;une association ext\u00e9rieure.<\/strong><\/p>\n<p align=\"center\">Vingt ans apr\u00e8s avoir cr\u00e9er l&rsquo;association pour l&rsquo;autonomie des insuffisants respiratoires de Lyon (APAIRL) afin de pouvoir vivre dans un appartement, H\u00e9l\u00e8ne et Dominique, t\u00e9trapl\u00e9giques et insuffisants respiratoires partagent aujourd&rsquo;hui leur exp\u00e9rience et aident d&rsquo;autres personnes dans des situations similaires \u00e0 s&rsquo;installer dans des logements collectifs ou individuels.<\/p>\n<p align=\"center\">H\u00e9l\u00e8ne et Dominique habitent aujourd&rsquo;hui en colocation avec deux autres personnes, \u00e9galement insuffisantes respiratoires, dans un appartement en rez-de-chauss\u00e9e sur les hauteurs de la colline de la Croix-rousse.<\/p>\n<p align=\"center\">(<em>Nous sommes ma\u00eetres de notre maison, bien que nous ayons des handicaps physiques tr\u00e8s importants. Etant t\u00e9trapl\u00e9giques, nous avons besoin d&rsquo;\u00eatre aid\u00e9s pour de nombreux gestes du quotidien comme les repas, la toilette ou l&rsquo;entretien de l&rsquo;appartement<\/em>).<\/p>\n<p align=\"center\">Le d\u00e9fi lanc\u00e9 en 1995, par quatre de nos adh\u00e9rents handicap\u00e9s, de prendre une ind\u00e9pendance compl\u00e8te, appara\u00eet \u00e0 ce jour totalement relev\u00e9. Il a permis une vraie int\u00e9gration au sein du quartier de la Croix-rousse avec une implication dans la vie de la cit\u00e9. H\u00e9l\u00e8ne et Dominique ont particip\u00e9s b\u00e9n\u00e9volement \u00e0 la cr\u00e9ation d&rsquo;un centre de soins (dans le 4\u00e8me arrondissement) et font partie des commissions extra municipales \u00e0 la Ville de Lyon sur l&rsquo;accessibilit\u00e9, la communication, la culture et les loisirs.<\/p>\n<p align=\"center\">\n","protected":false},"excerpt":{"rendered":"<p>(Association Pour l&rsquo;Autonomie des Insuffisants Respiratoire Lyonnais) contact : H\u00e9l\u00e8ne JOGUET : 06.24.33.55.55 Adresse : 8 Rue Grataloup 69004 LYON \/ T\u00e9l\u00e9phone : 04 78 58 39 98. H\u00e9l\u00e8ne et Dominique En 1985 l&rsquo;APAIRL est cr\u00e9e \u00e0 l&rsquo;initiative de quatre &hellip; <a href=\"https:\/\/www.apairl.fr\/\">Continuer la lecture <span class=\"meta-nav\">&rarr;<\/span><\/a><\/p>\n","protected":false},"author":5,"featured_media":0,"parent":0,"menu_order":0,"comment_status":"closed","ping_status":"closed","template":"onecolumn-page.php","meta":{"footnotes":""},"class_list":["post-115","page","type-page","status-publish","hentry"],"_links":{"self":[{"href":"https:\/\/www.apairl.fr\/index.php?rest_route=\/wp\/v2\/pages\/115","targetHints":{"allow":["GET"]}}],"collection":[{"href":"https:\/\/www.apairl.fr\/index.php?rest_route=\/wp\/v2\/pages"}],"about":[{"href":"https:\/\/www.apairl.fr\/index.php?rest_route=\/wp\/v2\/types\/page"}],"author":[{"embeddable":true,"href":"https:\/\/www.apairl.fr\/index.php?rest_route=\/wp\/v2\/users\/5"}],"replies":[{"embeddable":true,"href":"https:\/\/www.apairl.fr\/index.php?rest_route=%2Fwp%2Fv2%2Fcomments&post=115"}],"version-history":[{"count":15,"href":"https:\/\/www.apairl.fr\/index.php?rest_route=\/wp\/v2\/pages\/115\/revisions"}],"predecessor-version":[{"id":735,"href":"https:\/\/www.apairl.fr\/index.php?rest_route=\/wp\/v2\/pages\/115\/revisions\/735"}],"wp:attachment":[{"href":"https:\/\/www.apairl.fr\/index.php?rest_route=%2Fwp%2Fv2%2Fmedia&parent=115"}],"curies":[{"name":"wp","href":"https:\/\/api.w.org\/{rel}","templated":true}]}}