{"id":379,"date":"2014-05-14T16:33:04","date_gmt":"2014-05-14T15:33:04","guid":{"rendered":"http:\/\/www.apairl.fr\/?page_id=379"},"modified":"2016-02-10T18:24:10","modified_gmt":"2016-02-10T17:24:10","slug":"repas-concours","status":"publish","type":"page","link":"https:\/\/www.apairl.fr\/?page_id=379","title":{"rendered":"PHOTOS DU REPAS CONCOURS A HIERES SUR AMBY LE 11 MAI 2014"},"content":{"rendered":"<p><div id=\"attachment_361\" style=\"width: 280px\" class=\"wp-caption aligncenter\"><a href=\"https:\/\/www.apairl.fr\/wp-content\/uploads\/2014\/05\/DSCF45091.jpg\"><img loading=\"lazy\" decoding=\"async\" aria-describedby=\"caption-attachment-361\" class=\" wp-image-361 colorbox-379\" src=\"https:\/\/www.apairl.fr\/wp-content\/uploads\/2014\/05\/DSCF45091-300x225.jpg\" alt=\"DSCF4509[1]\" width=\"270\" height=\"203\" srcset=\"https:\/\/www.apairl.fr\/wp-content\/uploads\/2014\/05\/DSCF45091-300x225.jpg 300w, https:\/\/www.apairl.fr\/wp-content\/uploads\/2014\/05\/DSCF45091-1024x768.jpg 1024w, https:\/\/www.apairl.fr\/wp-content\/uploads\/2014\/05\/DSCF45091.jpg 1600w\" sizes=\"auto, (max-width: 270px) 100vw, 270px\" \/><\/a><p id=\"caption-attachment-361\" class=\"wp-caption-text\">Eglise de Hi\u00e8res sur Amby<\/p><\/div><div id=\"attachment_360\" style=\"width: 280px\" class=\"wp-caption aligncenter\"><a href=\"https:\/\/www.apairl.fr\/wp-content\/uploads\/2014\/05\/DSCF45011.jpg\"><img loading=\"lazy\" decoding=\"async\" aria-describedby=\"caption-attachment-360\" class=\" wp-image-360 colorbox-379\" src=\"https:\/\/www.apairl.fr\/wp-content\/uploads\/2014\/05\/DSCF45011-300x225.jpg\" alt=\"DSCF4501[1]\" width=\"270\" height=\"203\" srcset=\"https:\/\/www.apairl.fr\/wp-content\/uploads\/2014\/05\/DSCF45011-300x225.jpg 300w, https:\/\/www.apairl.fr\/wp-content\/uploads\/2014\/05\/DSCF45011-1024x768.jpg 1024w, https:\/\/www.apairl.fr\/wp-content\/uploads\/2014\/05\/DSCF45011.jpg 1600w\" sizes=\"auto, (max-width: 270px) 100vw, 270px\" \/><\/a><p id=\"caption-attachment-360\" class=\"wp-caption-text\">D\u00e9gustation du bon cassoulet pr\u00e9par\u00e9 par notre Pr\u00e9sident Christophe<\/p><\/div><div id=\"attachment_358\" style=\"width: 280px\" class=\"wp-caption aligncenter\"><a href=\"https:\/\/www.apairl.fr\/wp-content\/uploads\/2014\/05\/DSCF44981.jpg\"><img loading=\"lazy\" decoding=\"async\" aria-describedby=\"caption-attachment-358\" class=\" wp-image-358 colorbox-379\" src=\"https:\/\/www.apairl.fr\/wp-content\/uploads\/2014\/05\/DSCF44981-300x225.jpg\" alt=\"DSCF4498[1]\" width=\"270\" height=\"203\" srcset=\"https:\/\/www.apairl.fr\/wp-content\/uploads\/2014\/05\/DSCF44981-300x225.jpg 300w, https:\/\/www.apairl.fr\/wp-content\/uploads\/2014\/05\/DSCF44981-1024x768.jpg 1024w, https:\/\/www.apairl.fr\/wp-content\/uploads\/2014\/05\/DSCF44981.jpg 1600w\" sizes=\"auto, (max-width: 270px) 100vw, 270px\" \/><\/a><p id=\"caption-attachment-358\" class=\"wp-caption-text\">Pr\u00e9paration des salades de fruits, Janine et Catherine<\/p><\/div><div id=\"attachment_357\" style=\"width: 280px\" class=\"wp-caption aligncenter\"><a href=\"https:\/\/www.apairl.fr\/wp-content\/uploads\/2014\/05\/DSCF44971.jpg\"><img loading=\"lazy\" decoding=\"async\" aria-describedby=\"caption-attachment-357\" class=\" wp-image-357 colorbox-379\" src=\"https:\/\/www.apairl.fr\/wp-content\/uploads\/2014\/05\/DSCF44971-300x225.jpg\" alt=\"DSCF4497[1]\" width=\"270\" height=\"203\" srcset=\"https:\/\/www.apairl.fr\/wp-content\/uploads\/2014\/05\/DSCF44971-300x225.jpg 300w, https:\/\/www.apairl.fr\/wp-content\/uploads\/2014\/05\/DSCF44971-1024x768.jpg 1024w, https:\/\/www.apairl.fr\/wp-content\/uploads\/2014\/05\/DSCF44971.jpg 1600w\" sizes=\"auto, (max-width: 270px) 100vw, 270px\" \/><\/a><p id=\"caption-attachment-357\" class=\"wp-caption-text\">Etalage des salades vertes<\/p><\/div><div id=\"attachment_359\" style=\"width: 253px\" class=\"wp-caption aligncenter\"><a href=\"https:\/\/www.apairl.fr\/wp-content\/uploads\/2014\/05\/DSCF45001.jpg\"><img loading=\"lazy\" decoding=\"async\" aria-describedby=\"caption-attachment-359\" class=\" wp-image-359 colorbox-379\" src=\"https:\/\/www.apairl.fr\/wp-content\/uploads\/2014\/05\/DSCF45001-300x225.jpg\" alt=\"DSCF4500[1]\" width=\"243\" height=\"183\" srcset=\"https:\/\/www.apairl.fr\/wp-content\/uploads\/2014\/05\/DSCF45001-300x225.jpg 300w, https:\/\/www.apairl.fr\/wp-content\/uploads\/2014\/05\/DSCF45001-1024x768.jpg 1024w, https:\/\/www.apairl.fr\/wp-content\/uploads\/2014\/05\/DSCF45001.jpg 1600w\" sizes=\"auto, (max-width: 243px) 100vw, 243px\" \/><\/a><p id=\"caption-attachment-359\" class=\"wp-caption-text\">67 Personnes se remplissant la panse .<\/p><\/div><div id=\"attachment_356\" style=\"width: 280px\" class=\"wp-caption aligncenter\"><a href=\"https:\/\/www.apairl.fr\/wp-content\/uploads\/2014\/05\/DSCF44961.jpg\"><img loading=\"lazy\" decoding=\"async\" aria-describedby=\"caption-attachment-356\" class=\" wp-image-356 colorbox-379\" src=\"https:\/\/www.apairl.fr\/wp-content\/uploads\/2014\/05\/DSCF44961-300x225.jpg\" alt=\"DSCF4496[1]\" width=\"270\" height=\"203\" srcset=\"https:\/\/www.apairl.fr\/wp-content\/uploads\/2014\/05\/DSCF44961-300x225.jpg 300w, https:\/\/www.apairl.fr\/wp-content\/uploads\/2014\/05\/DSCF44961-1024x768.jpg 1024w, https:\/\/www.apairl.fr\/wp-content\/uploads\/2014\/05\/DSCF44961.jpg 1600w\" sizes=\"auto, (max-width: 270px) 100vw, 270px\" \/><\/a><p id=\"caption-attachment-356\" class=\"wp-caption-text\">Monique, Catherine, Janine, dans la cuisine du groupe scolaire.<\/p><\/div><div id=\"attachment_355\" style=\"width: 280px\" class=\"wp-caption aligncenter\"><a href=\"https:\/\/www.apairl.fr\/wp-content\/uploads\/2014\/05\/DSCF44951.jpg\"><img loading=\"lazy\" decoding=\"async\" aria-describedby=\"caption-attachment-355\" class=\" wp-image-355 colorbox-379\" src=\"https:\/\/www.apairl.fr\/wp-content\/uploads\/2014\/05\/DSCF44951-300x225.jpg\" alt=\"DSCF4495[1]\" width=\"270\" height=\"203\" srcset=\"https:\/\/www.apairl.fr\/wp-content\/uploads\/2014\/05\/DSCF44951-300x225.jpg 300w, https:\/\/www.apairl.fr\/wp-content\/uploads\/2014\/05\/DSCF44951-1024x768.jpg 1024w, https:\/\/www.apairl.fr\/wp-content\/uploads\/2014\/05\/DSCF44951.jpg 1600w\" sizes=\"auto, (max-width: 270px) 100vw, 270px\" \/><\/a><p id=\"caption-attachment-355\" class=\"wp-caption-text\">Four \u00e0 bois de la famille Joguet .<\/p><\/div><div id=\"attachment_353\" style=\"width: 280px\" class=\"wp-caption aligncenter\"><a href=\"https:\/\/www.apairl.fr\/wp-content\/uploads\/2014\/05\/DSCF44931.jpg\"><img loading=\"lazy\" decoding=\"async\" aria-describedby=\"caption-attachment-353\" class=\" wp-image-353 colorbox-379\" src=\"https:\/\/www.apairl.fr\/wp-content\/uploads\/2014\/05\/DSCF44931-300x225.jpg\" alt=\"DSCF4493[1]\" width=\"270\" height=\"203\" srcset=\"https:\/\/www.apairl.fr\/wp-content\/uploads\/2014\/05\/DSCF44931-300x225.jpg 300w, https:\/\/www.apairl.fr\/wp-content\/uploads\/2014\/05\/DSCF44931-1024x768.jpg 1024w, https:\/\/www.apairl.fr\/wp-content\/uploads\/2014\/05\/DSCF44931.jpg 1600w\" sizes=\"auto, (max-width: 270px) 100vw, 270px\" \/><\/a><p id=\"caption-attachment-353\" class=\"wp-caption-text\">Pr\u00e9paration du four.<\/p><\/div><div id=\"attachment_352\" style=\"width: 280px\" class=\"wp-caption aligncenter\"><a href=\"https:\/\/www.apairl.fr\/wp-content\/uploads\/2014\/05\/DSCF44921.jpg\"><img loading=\"lazy\" decoding=\"async\" aria-describedby=\"caption-attachment-352\" class=\" wp-image-352 colorbox-379\" src=\"https:\/\/www.apairl.fr\/wp-content\/uploads\/2014\/05\/DSCF44921-300x225.jpg\" alt=\"DSCF4492[1]\" width=\"270\" height=\"203\" srcset=\"https:\/\/www.apairl.fr\/wp-content\/uploads\/2014\/05\/DSCF44921-300x225.jpg 300w, https:\/\/www.apairl.fr\/wp-content\/uploads\/2014\/05\/DSCF44921-1024x768.jpg 1024w, https:\/\/www.apairl.fr\/wp-content\/uploads\/2014\/05\/DSCF44921.jpg 1600w\" sizes=\"auto, (max-width: 270px) 100vw, 270px\" \/><\/a><p id=\"caption-attachment-352\" class=\"wp-caption-text\">Il est pr\u00eat \u00e0 recevoir les cocottes de cassoulet<\/p><\/div><div id=\"attachment_351\" style=\"width: 280px\" class=\"wp-caption aligncenter\"><a href=\"https:\/\/www.apairl.fr\/wp-content\/uploads\/2014\/05\/DSCF44911.jpg\"><img loading=\"lazy\" decoding=\"async\" aria-describedby=\"caption-attachment-351\" class=\" wp-image-351 colorbox-379\" src=\"https:\/\/www.apairl.fr\/wp-content\/uploads\/2014\/05\/DSCF44911-300x225.jpg\" alt=\"DSCF4491[1]\" width=\"270\" height=\"203\" srcset=\"https:\/\/www.apairl.fr\/wp-content\/uploads\/2014\/05\/DSCF44911-300x225.jpg 300w, https:\/\/www.apairl.fr\/wp-content\/uploads\/2014\/05\/DSCF44911-1024x768.jpg 1024w, https:\/\/www.apairl.fr\/wp-content\/uploads\/2014\/05\/DSCF44911.jpg 1600w\" sizes=\"auto, (max-width: 270px) 100vw, 270px\" \/><\/a><p id=\"caption-attachment-351\" class=\"wp-caption-text\">Deux cocottes sont instal\u00e9es, les 5 autres vont arriver.<\/p><\/div><div id=\"attachment_350\" style=\"width: 280px\" class=\"wp-caption aligncenter\"><a href=\"https:\/\/www.apairl.fr\/wp-content\/uploads\/2014\/05\/DSCF44901.jpg\"><img loading=\"lazy\" decoding=\"async\" aria-describedby=\"caption-attachment-350\" class=\" wp-image-350 colorbox-379\" src=\"https:\/\/www.apairl.fr\/wp-content\/uploads\/2014\/05\/DSCF44901-300x225.jpg\" alt=\"DSCF4490[1]\" width=\"270\" height=\"203\" srcset=\"https:\/\/www.apairl.fr\/wp-content\/uploads\/2014\/05\/DSCF44901-300x225.jpg 300w, https:\/\/www.apairl.fr\/wp-content\/uploads\/2014\/05\/DSCF44901-1024x768.jpg 1024w, https:\/\/www.apairl.fr\/wp-content\/uploads\/2014\/05\/DSCF44901.jpg 1600w\" sizes=\"auto, (max-width: 270px) 100vw, 270px\" \/><\/a><p id=\"caption-attachment-350\" class=\"wp-caption-text\">Catherine<\/p><\/div><div id=\"attachment_345\" style=\"width: 280px\" class=\"wp-caption aligncenter\"><a href=\"https:\/\/www.apairl.fr\/wp-content\/uploads\/2014\/05\/DSCF45191.jpg\"><img loading=\"lazy\" decoding=\"async\" aria-describedby=\"caption-attachment-345\" class=\" wp-image-345 colorbox-379\" src=\"https:\/\/www.apairl.fr\/wp-content\/uploads\/2014\/05\/DSCF45191-300x225.jpg\" alt=\"DSCF4519[1]\" width=\"270\" height=\"203\" srcset=\"https:\/\/www.apairl.fr\/wp-content\/uploads\/2014\/05\/DSCF45191-300x225.jpg 300w, https:\/\/www.apairl.fr\/wp-content\/uploads\/2014\/05\/DSCF45191-1024x768.jpg 1024w, https:\/\/www.apairl.fr\/wp-content\/uploads\/2014\/05\/DSCF45191.jpg 1600w\" sizes=\"auto, (max-width: 270px) 100vw, 270px\" \/><\/a><p id=\"caption-attachment-345\" class=\"wp-caption-text\">Tous attendent leurs prix !<\/p><\/div><div id=\"attachment_344\" style=\"width: 280px\" class=\"wp-caption aligncenter\"><a href=\"https:\/\/www.apairl.fr\/wp-content\/uploads\/2014\/05\/DSCF44821.jpg\"><img loading=\"lazy\" decoding=\"async\" aria-describedby=\"caption-attachment-344\" class=\" wp-image-344 colorbox-379\" src=\"https:\/\/www.apairl.fr\/wp-content\/uploads\/2014\/05\/DSCF44821-300x225.jpg\" alt=\"DSCF4482[1]\" width=\"270\" height=\"203\" srcset=\"https:\/\/www.apairl.fr\/wp-content\/uploads\/2014\/05\/DSCF44821-300x225.jpg 300w, https:\/\/www.apairl.fr\/wp-content\/uploads\/2014\/05\/DSCF44821-1024x768.jpg 1024w, https:\/\/www.apairl.fr\/wp-content\/uploads\/2014\/05\/DSCF44821.jpg 1600w\" sizes=\"auto, (max-width: 270px) 100vw, 270px\" \/><\/a><p id=\"caption-attachment-344\" class=\"wp-caption-text\">Un moment de repos avant le rangement de la salle .<\/p><\/div><div id=\"attachment_343\" style=\"width: 280px\" class=\"wp-caption aligncenter\"><a href=\"https:\/\/www.apairl.fr\/wp-content\/uploads\/2014\/05\/DSCF44811.jpg\"><img loading=\"lazy\" decoding=\"async\" aria-describedby=\"caption-attachment-343\" class=\" wp-image-343 colorbox-379\" src=\"https:\/\/www.apairl.fr\/wp-content\/uploads\/2014\/05\/DSCF44811-300x225.jpg\" alt=\"DSCF4481[1]\" width=\"270\" height=\"203\" srcset=\"https:\/\/www.apairl.fr\/wp-content\/uploads\/2014\/05\/DSCF44811-300x225.jpg 300w, https:\/\/www.apairl.fr\/wp-content\/uploads\/2014\/05\/DSCF44811-1024x768.jpg 1024w, https:\/\/www.apairl.fr\/wp-content\/uploads\/2014\/05\/DSCF44811.jpg 1600w\" sizes=\"auto, (max-width: 270px) 100vw, 270px\" \/><\/a><p id=\"caption-attachment-343\" class=\"wp-caption-text\">En attendant l&rsquo;ap\u00e9ro<\/p><\/div><div id=\"attachment_342\" style=\"width: 280px\" class=\"wp-caption aligncenter\"><a href=\"https:\/\/www.apairl.fr\/wp-content\/uploads\/2014\/05\/DSCF44801.jpg\"><img loading=\"lazy\" decoding=\"async\" aria-describedby=\"caption-attachment-342\" class=\" wp-image-342 colorbox-379\" src=\"https:\/\/www.apairl.fr\/wp-content\/uploads\/2014\/05\/DSCF44801-300x225.jpg\" alt=\"DSCF4480[1]\" width=\"270\" height=\"203\" srcset=\"https:\/\/www.apairl.fr\/wp-content\/uploads\/2014\/05\/DSCF44801-300x225.jpg 300w, https:\/\/www.apairl.fr\/wp-content\/uploads\/2014\/05\/DSCF44801-1024x768.jpg 1024w, https:\/\/www.apairl.fr\/wp-content\/uploads\/2014\/05\/DSCF44801.jpg 1600w\" sizes=\"auto, (max-width: 270px) 100vw, 270px\" \/><\/a><p id=\"caption-attachment-342\" class=\"wp-caption-text\">Fin de la pr\u00e9paration .<\/p><\/div><div id=\"attachment_341\" style=\"width: 280px\" class=\"wp-caption aligncenter\"><a href=\"https:\/\/www.apairl.fr\/wp-content\/uploads\/2014\/05\/DSCF44791.jpg\"><img loading=\"lazy\" decoding=\"async\" aria-describedby=\"caption-attachment-341\" class=\" wp-image-341 colorbox-379\" src=\"https:\/\/www.apairl.fr\/wp-content\/uploads\/2014\/05\/DSCF44791-300x225.jpg\" alt=\"DSCF4479[1]\" width=\"270\" height=\"203\" srcset=\"https:\/\/www.apairl.fr\/wp-content\/uploads\/2014\/05\/DSCF44791-300x225.jpg 300w, https:\/\/www.apairl.fr\/wp-content\/uploads\/2014\/05\/DSCF44791-1024x768.jpg 1024w, https:\/\/www.apairl.fr\/wp-content\/uploads\/2014\/05\/DSCF44791.jpg 1600w\" sizes=\"auto, (max-width: 270px) 100vw, 270px\" \/><\/a><p id=\"caption-attachment-341\" class=\"wp-caption-text\">Agn\u00e8s<\/p><\/div><\/p>\n<p style=\"text-align: center;\">\n","protected":false},"excerpt":{"rendered":"","protected":false},"author":5,"featured_media":0,"parent":394,"menu_order":2,"comment_status":"closed","ping_status":"closed","template":"","meta":{"footnotes":""},"class_list":["post-379","page","type-page","status-publish","hentry"],"_links":{"self":[{"href":"https:\/\/www.apairl.fr\/index.php?rest_route=\/wp\/v2\/pages\/379","targetHints":{"allow":["GET"]}}],"collection":[{"href":"https:\/\/www.apairl.fr\/index.php?rest_route=\/wp\/v2\/pages"}],"about":[{"href":"https:\/\/www.apairl.fr\/index.php?rest_route=\/wp\/v2\/types\/page"}],"author":[{"embeddable":true,"href":"https:\/\/www.apairl.fr\/index.php?rest_route=\/wp\/v2\/users\/5"}],"replies":[{"embeddable":true,"href":"https:\/\/www.apairl.fr\/index.php?rest_route=%2Fwp%2Fv2%2Fcomments&post=379"}],"version-history":[{"count":4,"href":"https:\/\/www.apairl.fr\/index.php?rest_route=\/wp\/v2\/pages\/379\/revisions"}],"predecessor-version":[{"id":442,"href":"https:\/\/www.apairl.fr\/index.php?rest_route=\/wp\/v2\/pages\/379\/revisions\/442"}],"up":[{"embeddable":true,"href":"https:\/\/www.apairl.fr\/index.php?rest_route=\/wp\/v2\/pages\/394"}],"wp:attachment":[{"href":"https:\/\/www.apairl.fr\/index.php?rest_route=%2Fwp%2Fv2%2Fmedia&parent=379"}],"curies":[{"name":"wp","href":"https:\/\/api.w.org\/{rel}","templated":true}]}}