{"id":473,"date":"2018-01-11T17:32:05","date_gmt":"2018-01-11T16:32:05","guid":{"rendered":"http:\/\/www.apairl.fr\/?page_id=473"},"modified":"2026-03-11T17:16:35","modified_gmt":"2026-03-11T16:16:35","slug":"calendrier-2","status":"publish","type":"page","link":"https:\/\/www.apairl.fr\/?page_id=473","title":{"rendered":"Les actions de l&rsquo;APAIRL"},"content":{"rendered":"\n<p><strong>Repas dansant annuel du 31\/01\/2026<\/strong><\/p>\n\n\n\n<p>Madame, Monsieur, Cher(e)s Ami(e)s,<br><br>Nous vous invitons \u00e0 venir nombreux d\u00eener et danser avec nous lors de notre Bal annuel<br><br>Samedi 31 Janvier 2026 \u00e0 20h<br><br>Salle de la Ficelle (65 Bd des canuts Lyon 04 \u2013 M\u00e9tro H\u00e9non \u2013 Parking sous-terrain gratuit) <br><br>Comme chaque ann\u00e9e, nous vous proposerons un Menu fait maison par les membres de l\u2019APAIRL avec Entr\u00e9e, Plat, Fromage, Dessert et Caf\u00e9. <br><br>Cette ann\u00e9e, Sonolune viendra encore animer cette soir\u00e9e, son large r\u00e9pertoire (vari\u00e9t\u00e9 fran\u00e7aise et internationale) nous permettra de chanter et danser \u00e0 loisir, il y en aura pour tous les go\u00fbts ! Cette soir\u00e9e est plac\u00e9e sous le signe de la convivialit\u00e9, n\u2019h\u00e9sitez pas \u00e0 venir nombreux en famille ou accompagn\u00e9s de vos amis !<br><br>TARIFS : 24\u20ac adulte \/ 12\u20ac enfant (- 12ans)<br>Merci de r\u00e9server avant le 28\/01\/2026.<br>Notez bien que la r\u00e9servation est indispensable : il n\u2019y aura pas de billetterie le soir m\u00eame. <br><br>R\u00e9servation : <br>\u2022 par t\u00e9l\u00e9phone au 06 24 33 55 55 \/ 04 78 58 39 98<br>\u2022 par courrier en nous retournant le coupon ci-dessous<br>\u2022 en ligne en scannant le QR code : <a href=\"https:\/\/my.weezevent.com\/bal-de-lapairl-2026\">https:\/\/my.weezevent.com\/bal-de-lapairl-2026<\/a><br>Le paiement sera possible sur place (ch\u00e8que, carte ou esp\u00e8ce).<br><br><br>COUPON REPONSE \u00e0 renvoyer par courrier avec votre ch\u00e8que au nom de l\u2019APAIRL, \u00e0 l\u2019association, 8 rue Grataloup, 69004 Lyon :<br><br>NOM : <br><br>PRENOM :<br><br>ADRESSE (mail ou postale): <br><br>Adulte : .\u2026.. X 24 \u20ac + Enfant : \u2026.. X 12 \u20ac = \u2026\u2026\u2026\u2026. \u20ac<br><br>Nous esp\u00e9rons avoir le plaisir de vous retrouver \u00e0 cette soir\u00e9e, \u00e0 tr\u00e8s bient\u00f4t !<br><\/p>\n\n\n\n<p><strong>Repas dansant annuel du 25\/01\/2025<\/strong><\/p>\n\n\n\n<p>Madame, Monsieur, Cher(e)s ami(e)s,<\/p>\n\n\n\n<p>Comme chaque ann\u00e9e, nous organisons notre repas dansant annuel, qui se d\u00e9roulera le samedi 25\/01\/2025 \u00e0 la salle de la Ficelle \u00e0 partir de 20H00.<\/p>\n\n\n\n<p>Nous comptons sur votre pr\u00e9sence indispensable pour d\u00e9guster le bon repas concoct\u00e9 par le conseil d&rsquo;administration de l&rsquo;A.P.A.I.R.L. et pour venir vous d\u00e9hancher sur la piste de danse, au son de notre talentueux duo SONOLUNE.<\/p>\n\n\n\n<p><strong>Tarifs&nbsp;:<\/strong><\/p>\n\n\n\n<p>&#8211; Adulte&nbsp;: 22 \u20ac<\/p>\n\n\n\n<p>&#8211; Enfants&nbsp;: 12 \u20ac<\/p>\n\n\n\n<p><strong>Inscriptions en ligne avant le 20\/01\/2025, en cliquant sur le lien ci-dessous :<\/strong><\/p>\n\n\n\n<p><a href=\"https:\/\/widget.weezevent.com\/ticket\/E1251394\/?code=2043&amp;locale=fr-FR&amp;width_auto=1&amp;color_primary=0032FA\" target=\"_blank\" rel=\"noreferrer noopener\">Billetterie Weezevent<\/a><\/p>\n\n\n\n<figure class=\"wp-block-image is-resized\"><img loading=\"lazy\" decoding=\"async\" width=\"500\" height=\"500\" src=\"https:\/\/www.apairl.fr\/wp-content\/uploads\/2025\/01\/adobe-express-qr-code-3.png\" alt=\"\" class=\"wp-image-683 colorbox-473\" style=\"width:278px;height:auto\" srcset=\"https:\/\/www.apairl.fr\/wp-content\/uploads\/2025\/01\/adobe-express-qr-code-3.png 500w, https:\/\/www.apairl.fr\/wp-content\/uploads\/2025\/01\/adobe-express-qr-code-3-300x300.png 300w, https:\/\/www.apairl.fr\/wp-content\/uploads\/2025\/01\/adobe-express-qr-code-3-150x150.png 150w\" sizes=\"auto, (max-width: 500px) 100vw, 500px\" \/><\/figure>\n\n\n\n<p>Pour rappel, la salle de la Ficelle se situe au 65 bd des Canuts, 69004 Lyon. (Parking gratuit sous la salle ou  ligne de m\u00e9tro C, arr\u00eat H\u00e9non).<\/p>\n\n\n\n<p>________________________________________________________________________________________________________________<\/p>\n\n\n\n<p>Madame, Monsieur, Ch\u00e8re Adh\u00e9rente, Cher Adh\u00e9rent,<\/p>\n\n\n\n<p>Nous vous rappelons la prochaine \u00e9dition de la traditionnelle ART-EXPO de l\u2019APAIRL \u00e0 la Salle de la Ficelle (65 Boulevard des Canuts, Lyon 4) les :<\/p>\n\n\n\n<p>&#8211;&nbsp;&nbsp;&nbsp;&nbsp;&nbsp;&nbsp;&nbsp;Samedi 23 novembre 2024 de 12h \u00e0 19h<\/p>\n\n\n\n<p>&#8211;&nbsp;&nbsp;&nbsp;&nbsp;&nbsp;&nbsp;&nbsp;Dimanche 24 novembre 2024 de 10h \u00e0 18h<\/p>\n\n\n\n<p><strong>Merci par avance de votre&nbsp;visite !<\/strong><\/p>\n\n\n\n<p>Parking et restauration possibles sur place&nbsp;!<\/p>\n\n\n\n<p><strong>Nous vous attendons tr\u00e8s nombreux&nbsp;! Merci d\u2019en parler autour de vous&nbsp;!!<\/strong><\/p>\n\n\n\n<p>Merci d\u2019avance pour votre participation et votre soutien&nbsp;! Nous comptons sur vous&nbsp;!!<\/p>\n\n\n\n<p>Amicalement,<\/p>\n\n\n\n<p>H\u00e9l\u00e8ne JOGUET et l\u2019APAIRL<\/p>\n\n\n\n<figure class=\"wp-block-image size-large\"><a href=\"https:\/\/www.apairl.fr\/wp-content\/uploads\/2024\/10\/AFFICHE-2024-002.jpeg\"><img loading=\"lazy\" decoding=\"async\" width=\"724\" height=\"1024\" src=\"https:\/\/www.apairl.fr\/wp-content\/uploads\/2024\/10\/AFFICHE-2024-002-724x1024.jpeg\" alt=\"\" class=\"wp-image-644 colorbox-473\" srcset=\"https:\/\/www.apairl.fr\/wp-content\/uploads\/2024\/10\/AFFICHE-2024-002-724x1024.jpeg 724w, https:\/\/www.apairl.fr\/wp-content\/uploads\/2024\/10\/AFFICHE-2024-002-212x300.jpeg 212w, https:\/\/www.apairl.fr\/wp-content\/uploads\/2024\/10\/AFFICHE-2024-002-768x1086.jpeg 768w, https:\/\/www.apairl.fr\/wp-content\/uploads\/2024\/10\/AFFICHE-2024-002-1086x1536.jpeg 1086w, https:\/\/www.apairl.fr\/wp-content\/uploads\/2024\/10\/AFFICHE-2024-002-1448x2048.jpeg 1448w, https:\/\/www.apairl.fr\/wp-content\/uploads\/2024\/10\/AFFICHE-2024-002.jpeg 1654w\" sizes=\"auto, (max-width: 724px) 100vw, 724px\" \/><\/a><\/figure>\n\n\n<p>Chers Adh\u00e9rents, chers Exposants,<\/p>\n<p>Il est grand temps de vous inviter \u00e0 exposer vos \u0153uvres d\u2019art lors de la prochaine exposition d\u2019Art-Expo, qui aura lieu les 23 et 24 novembre prochains \u00e0 la Salle de la Ficelle.<\/p>\n<p>Voici les horaires :<\/p>\n<p>&#8211;\u00a0 Samedi 23 novembre 2024 de 12h \u00e0 19h<\/p>\n<p>&#8211;\u00a0\u00a0Dimanche 24 novembre 2024 de 10h \u00e0 18h<\/p>\n<p>Pour rappel, la Ficelle est situ\u00e9e 65 Bd des Canuts, 69004 Lyon (m\u00e9tro H\u00e9non, parking sur place).<\/p>\n<p>Les dates sont favorables\u00a0: proches de No\u00ebl et en dehors des vacances scolaires, ce qui devrait vous apporter de bonnes opportunit\u00e9s. Aussi nous esp\u00e9rons que vous serez nombreux \u00e0 r\u00e9pondre \u00e0 notre appel et participer ainsi \u00e0 la vie de notre Association.<\/p>\n<p>Comme d\u2019habitude l\u2019entr\u00e9e est libre, et nous vous proposerons de la restauration sur place.<\/p>\n\n\n<p>________________________________________________________________________________________________________________<\/p>\n\n\n\n<p><strong>La compagnie \u00ab&nbsp;LARSEN AFFECT&nbsp;\u00bb vous propose une soir\u00e9e cabaret&nbsp;avec restauration et spectacle d\u2019impros, au profit de l\u2019APAIRL.<\/strong><\/p>\n\n\n\n<p>Venez partager ce moment avec nous, que vous soyez en famille ou entre amis, grands ou petits&nbsp;!<\/p>\n\n\n\n<p><strong>Samedi 5 octobre 2024 \u00e0 partir de 19h<\/strong><\/p>\n\n\n\n<p><strong>Salle de l\u2019ALCR, 4 bis rue Louis H\u00e9non, 69004 LYON (vers \u00e9glise St Denis)<\/strong><\/p>\n\n\n\n<p><strong>Rendez-vous \u00e0 partir de 19 H pour un ap\u00e9ro dinatoire avec assiettes sal\u00e9es et sucr\u00e9es pr\u00e9par\u00e9es par les membres de l\u2019APAIRL.<\/strong><\/p>\n\n\n\n<p><strong>Tarifs du spectacle plus restauration&nbsp;:<\/strong><\/p>\n\n\n\n<p>&#8211; Adulte&nbsp;: 20 \u20ac<\/p>\n\n\n\n<p>&#8211; Enfant de moins de 16 ans&nbsp;: 12 \u20ac<\/p>\n\n\n\n<p>&#8211; Enfant de moins de 10 ans&nbsp;: gratuit<\/p>\n\n\n\n<p>Un bar sera \u00e9galement \u00e0 votre disposition.<\/p>\n\n\n\n<p><strong>Date limite d\u2019inscription pour le repas&nbsp;: 2 octobre 2024<\/strong>.<\/p>\n\n\n\n<p>Pour r\u00e9server&nbsp;:<\/p>\n\n\n\n<p>\u00b7&nbsp;&nbsp;&nbsp;&nbsp;&nbsp;&nbsp; par t\u00e9l\u00e9phone au 06 24 33 55 55<\/p>\n\n\n\n<p>\u00b7&nbsp;&nbsp;&nbsp;&nbsp;&nbsp;&nbsp; par courrier en nous retournant le coupon ci-dessous<\/p>\n\n\n\n<p>\u00b7&nbsp;&nbsp;&nbsp;&nbsp;&nbsp;&nbsp; en ligne en cliquant <a href=\"https:\/\/my.weezevent.com\/soiree-cabaret-2024\">ici<\/a> ou en scannant le QR code&nbsp;:<\/p>\n\n\n\n<p>Le paiement sera possible sur place (ch\u00e8que ou esp\u00e8ce).<\/p>\n\n\n\n<p><strong><u>COUPON REPONSE&nbsp;\u00e0 renvoyer par courrier avec votre ch\u00e8que au nom de l\u2019APAIRL, \u00e0 l\u2019association, 8 rue Grataloup, 69004 Lyon :<\/u><\/strong><\/p>\n\n\n\n<p>NOM&nbsp;:<\/p>\n\n\n\n<p>PRENOM&nbsp;:<\/p>\n\n\n\n<p>ADRESSE&nbsp;(mail ou postale):<\/p>\n\n\n\n<p>Adulte &nbsp;: <a><\/a><a><\/a><a><\/a><a><\/a>.\u2026.. X 20 \u20ac &nbsp;&nbsp;+&nbsp;&nbsp; Enfant \u2013 16 ans : \u2026.. X 12 \u20ac &nbsp;&nbsp;+&nbsp;&nbsp; Enfant \u2013 10 ans&nbsp;: \u2026\u2026.x 0 \u20ac = \u2026\u2026\u2026\u2026. \u20ac<\/p>\n\n\n\n<p><strong>Merci de venir nombreux le 5 octobre&nbsp;! A bient\u00f4t&nbsp;!<\/strong>  <\/p>\n\n\n\n<p><strong>APAIRL<\/strong> , 8 rue Grataloup 69004 Lyon. Tel : 04 72 00 92 76<\/p>\n\n\n\n<p>Mail : <a href=\"mailto:apairl.asso@gmail.com\" target=\"_blank\" rel=\"noreferrer noopener\">apairl.asso@gmail.com<\/a><br><a href=\"https:\/\/www.apairl.fr\" target=\"_blank\" rel=\"noreferrer noopener\">www.apairl.fr<\/a><\/p>\n","protected":false},"excerpt":{"rendered":"<p>Repas dansant annuel du 31\/01\/2026 Madame, Monsieur, Cher(e)s Ami(e)s, Nous vous invitons \u00e0 venir nombreux d\u00eener et danser avec nous lors de notre Bal annuel Samedi 31 Janvier 2026 \u00e0 20h Salle de la Ficelle (65 Bd des canuts Lyon &hellip; <a href=\"https:\/\/www.apairl.fr\/?page_id=473\">Continuer la lecture <span class=\"meta-nav\">&rarr;<\/span><\/a><\/p>\n","protected":false},"author":5,"featured_media":0,"parent":0,"menu_order":0,"comment_status":"closed","ping_status":"closed","template":"","meta":{"footnotes":""},"class_list":["post-473","page","type-page","status-publish","hentry"],"_links":{"self":[{"href":"https:\/\/www.apairl.fr\/index.php?rest_route=\/wp\/v2\/pages\/473","targetHints":{"allow":["GET"]}}],"collection":[{"href":"https:\/\/www.apairl.fr\/index.php?rest_route=\/wp\/v2\/pages"}],"about":[{"href":"https:\/\/www.apairl.fr\/index.php?rest_route=\/wp\/v2\/types\/page"}],"author":[{"embeddable":true,"href":"https:\/\/www.apairl.fr\/index.php?rest_route=\/wp\/v2\/users\/5"}],"replies":[{"embeddable":true,"href":"https:\/\/www.apairl.fr\/index.php?rest_route=%2Fwp%2Fv2%2Fcomments&post=473"}],"version-history":[{"count":18,"href":"https:\/\/www.apairl.fr\/index.php?rest_route=\/wp\/v2\/pages\/473\/revisions"}],"predecessor-version":[{"id":719,"href":"https:\/\/www.apairl.fr\/index.php?rest_route=\/wp\/v2\/pages\/473\/revisions\/719"}],"wp:attachment":[{"href":"https:\/\/www.apairl.fr\/index.php?rest_route=%2Fwp%2Fv2%2Fmedia&parent=473"}],"curies":[{"name":"wp","href":"https:\/\/api.w.org\/{rel}","templated":true}]}}